{"id":4849,"date":"2025-11-12T14:25:35","date_gmt":"2025-11-12T14:25:35","guid":{"rendered":"https:\/\/zenovacarpet.com.tr\/por-que-adoramos-a-la\/"},"modified":"2025-12-23T08:46:21","modified_gmt":"2025-12-23T08:46:21","slug":"por-que-adoramos-a-la","status":"publish","type":"page","link":"https:\/\/zenovacarpet.com.tr\/pt-pt\/por-que-adoramos-a-la\/","title":{"rendered":"Por Que Adoramos a L\u00e3"},"content":{"rendered":"\t\t<div data-elementor-type=\"wp-page\" data-elementor-id=\"4849\" class=\"elementor elementor-4849 elementor-3617\" data-elementor-post-type=\"page\">\n\t\t\t\t<div class=\"elementor-element elementor-element-c208471 e-con-full e-flex e-con e-parent\" data-id=\"c208471\" data-element_type=\"container\">\n\t\t<div class=\"elementor-element elementor-element-7ebe432 e-flex e-con-boxed e-con e-child\" data-id=\"7ebe432\" data-element_type=\"container\" data-settings=\"{&quot;background_background&quot;:&quot;classic&quot;}\">\n\t\t\t\t\t<div class=\"e-con-inner\">\n\t\t<div class=\"elementor-element elementor-element-a577903 e-flex e-con-boxed e-con e-child\" data-id=\"a577903\" data-element_type=\"container\">\n\t\t\t\t\t<div class=\"e-con-inner\">\n\t\t\t\t\t<\/div>\n\t\t\t\t<\/div>\n\t\t<div class=\"elementor-element elementor-element-022c6ab e-con-full e-flex e-con e-child\" data-id=\"022c6ab\" data-element_type=\"container\" data-settings=\"{&quot;background_background&quot;:&quot;classic&quot;,&quot;position&quot;:&quot;absolute&quot;}\">\n\t\t\t\t<div class=\"elementor-element elementor-element-36ddc62 elementor-widget__width-initial elementor-absolute elementor-widget-divider--view-line elementor-widget elementor-widget-divider\" data-id=\"36ddc62\" data-element_type=\"widget\" data-settings=\"{&quot;_position&quot;:&quot;absolute&quot;}\" data-widget_type=\"divider.default\">\n\t\t\t\t\t\t\t<div class=\"elementor-divider\">\n\t\t\t<span class=\"elementor-divider-separator\">\n\t\t\t\t\t\t<\/span>\n\t\t<\/div>\n\t\t\t\t\t\t<\/div>\n\t\t\t\t<div class=\"elementor-element elementor-element-d97a17d elementor-widget elementor-widget-ucaddon_breadcrumbs_widget\" data-id=\"d97a17d\" data-element_type=\"widget\" data-widget_type=\"ucaddon_breadcrumbs_widget.default\">\n\t\t\t\t<div class=\"elementor-widget-container\">\n\t\t\t\t\t\n<!-- start Breadcrumbs -->\n\t\t<link id='font-awesome-css' href='https:\/\/zenovacarpet.com.tr\/wp-content\/plugins\/unlimited-elements-for-elementor-premium\/assets_libraries\/font-awesome6\/fontawesome-all.min.css' type='text\/css' rel='stylesheet' >\n\t\t<link id='font-awesome-4-shim-css' href='https:\/\/zenovacarpet.com.tr\/wp-content\/plugins\/unlimited-elements-for-elementor-premium\/assets_libraries\/font-awesome6\/fontawesome-v4-shims.min.css' type='text\/css' rel='stylesheet' >\n\n<style>\/* widget: Breadcrumbs *\/\n\n#uc_breadcrumbs_widget_elementor_d97a17d .uc-breadcrumbs-list {\n  margin: 0;\n  padding: 0;\n  display: flex;\n  flex-wrap: wrap;\n}\n#uc_breadcrumbs_widget_elementor_d97a17d .uc-breadcrumbs-list li {\n  display: flex;\n  align-items: center;\n  list-style-type: none;\n}\n#uc_breadcrumbs_widget_elementor_d97a17d .uc-item-title {\n    position: relative;\n    display: inline-flex;\n    justify-content: center;\n    align-items: center;\n}\n#uc_breadcrumbs_widget_elementor_d97a17d .uc-item-title-inner{\n  display: flex;\n  align-items: center;\n}\n\n  #uc_breadcrumbs_widget_elementor_d97a17d .uc-breadcrumb-separator {\n    display:flex;\n    align-items: center;\n    justify-content: center\n  }\n  #uc_breadcrumbs_widget_elementor_d97a17d .uc-breadcrumb-separator svg {\n    width:1em;\n    height:1em;\n  }\n\n\n\n\n\n\n<\/style>\n\n\n    \t\n            <div id=\"uc_breadcrumbs_widget_elementor_d97a17d\" class=\"uc-breadcrumbs\">\n            <ul class=\"uc-breadcrumbs-list default\">\n                                                            <li class=\"uc-breadcrumb-item\">\n                            <a href=\"https:\/\/zenovacarpet.com.tr\/pt-pt\/\" class=\"uc-item-title\">\n                              <span class=\"uc-item-title-inner\">\n                                                                                                In\u00edcio\n                              <\/span>\n                            <\/a>\n                                                    <\/li>              \t\t    \n                                                <\/ul>\n        <\/div>\n\n            \n<!-- end Breadcrumbs -->\t\t\t\t<\/div>\n\t\t\t\t<\/div>\n\t\t\t\t<div class=\"elementor-element elementor-element-92d1a4f elementor-widget__width-initial elementor-absolute elementor-widget-divider--view-line elementor-widget elementor-widget-divider\" data-id=\"92d1a4f\" data-element_type=\"widget\" data-settings=\"{&quot;_position&quot;:&quot;absolute&quot;}\" data-widget_type=\"divider.default\">\n\t\t\t\t\t\t\t<div class=\"elementor-divider\">\n\t\t\t<span class=\"elementor-divider-separator\">\n\t\t\t\t\t\t<\/span>\n\t\t<\/div>\n\t\t\t\t\t\t<\/div>\n\t\t\t\t<\/div>\n\t\t\t\t\t<\/div>\n\t\t\t\t<\/div>\n\t\t\t\t<\/div>\n\t\t<div class=\"elementor-element elementor-element-87ff7bf e-flex e-con-boxed e-con e-parent\" data-id=\"87ff7bf\" data-element_type=\"container\">\n\t\t\t\t\t<div class=\"e-con-inner\">\n\t\t\t\t<div class=\"elementor-element elementor-element-b41a6ee elementor-widget elementor-widget-spacer\" data-id=\"b41a6ee\" data-element_type=\"widget\" data-widget_type=\"spacer.default\">\n\t\t\t\t\t\t\t<div class=\"elementor-spacer\">\n\t\t\t<div class=\"elementor-spacer-inner\"><\/div>\n\t\t<\/div>\n\t\t\t\t\t\t<\/div>\n\t\t\t\t<div class=\"elementor-element elementor-element-3949d7c elementor-widget elementor-widget-heading\" data-id=\"3949d7c\" data-element_type=\"widget\" data-widget_type=\"heading.default\">\n\t\t\t\t\t<h4 class=\"elementor-heading-title elementor-size-default\">A Beleza da L\u00e3<\/h4>\t\t\t\t<\/div>\n\t\t\t\t\t<\/div>\n\t\t\t\t<\/div>\n\t\t<div class=\"elementor-element elementor-element-cd3ecb5 e-flex e-con-boxed e-con e-parent\" data-id=\"cd3ecb5\" data-element_type=\"container\">\n\t\t\t\t\t<div class=\"e-con-inner\">\n\t\t\t\t<div class=\"elementor-element elementor-element-2b6f9d6 elementor-widget elementor-widget-text-editor\" data-id=\"2b6f9d6\" data-element_type=\"widget\" data-widget_type=\"text-editor.default\">\n\t\t\t\t\t\t\t\t\t<p>A Fibra Mais Fina da Natureza, Fabricada com Perfei\u00e7\u00e3o<\/p><p>Na Zenova Carpet, temos uma paix\u00e3o duradoura pela l\u00e3 \u2014 uma fibra natural intemporal, celebrada pela sua beleza, conforto e desempenho incompar\u00e1veis.<\/p><p>Um tapete rico em l\u00e3 \u00e9 a ess\u00eancia do luxo e da longevidade. Naturalmente renov\u00e1vel e maravilhosamente macia, a l\u00e3 oferece uma combina\u00e7\u00e3o \u00fanica de eleg\u00e2ncia, resili\u00eancia e sustentabilidade que perdura durante d\u00e9cadas. <\/p><p>Fabricamos cada tapete Zenova utilizando apenas a melhor l\u00e3 brit\u00e2nica e neozelandesa, garantindo um equil\u00edbrio impec\u00e1vel de requinte e durabilidade em cada pe\u00e7a.<\/p>\t\t\t\t\t\t\t\t<\/div>\n\t\t\t\t<div class=\"elementor-element elementor-element-b5808d9 elementor-widget elementor-widget-heading\" data-id=\"b5808d9\" data-element_type=\"widget\" data-widget_type=\"heading.default\">\n\t\t\t\t\t<h4 class=\"elementor-heading-title elementor-size-default\">As Vantagens da L\u00e3<\/h4>\t\t\t\t<\/div>\n\t\t\t\t<div class=\"elementor-element elementor-element-a0dadb4 elementor-widget elementor-widget-text-editor\" data-id=\"a0dadb4\" data-element_type=\"widget\" data-widget_type=\"text-editor.default\">\n\t\t\t\t\t\t\t\t\t<ul><li>Resistente a Rugas \u2013 A l\u00e3 recupera naturalmente ap\u00f3s o estiramento, mantendo a sua apar\u00eancia impec\u00e1vel.<\/li><li>Resistente \u00e0 Sujidade \u2013 A sua estrutura de fibra complexa esconde a sujidade e repele as manchas com facilidade.<\/li><li>Reten\u00e7\u00e3o de Forma Excecional \u2013 A resili\u00eancia inerente da l\u00e3 mant\u00e9m os tapetes com um aspeto novo ano ap\u00f3s ano.<\/li><li>Naturalmente Resistente ao Fogo \u2013 As fibras de l\u00e3 s\u00e3o inerentemente retardadoras de chama e autoextingu\u00edveis para maior seguran\u00e7a.<\/li><li>Dur\u00e1vel &amp; Forte \u2013 Perfeitamente adequado para espa\u00e7os de elevado tr\u00e1fego sem comprometer o conforto.<\/li><li>Repelente de Humidade \u2013 A l\u00e3 repele naturalmente a \u00e1gua, resistindo \u00e0 humidade e aos odores.<\/li><li>Conforto em Todas as Esta\u00e7\u00f5es \u2013 O isolamento natural da l\u00e3 mant\u00e9m os interiores quentes no inverno e frescos no ver\u00e3o.<\/li><li>Isolamento Superior \u2013 A sua estrutura forma uma barreira t\u00e9rmica e ac\u00fastica eficaz, melhorando o conforto interior.<\/li><\/ul>\t\t\t\t\t\t\t\t<\/div>\n\t\t\t\t<div class=\"elementor-element elementor-element-d92bd9f elementor-widget elementor-widget-text-editor\" data-id=\"d92bd9f\" data-element_type=\"widget\" data-widget_type=\"text-editor.default\">\n\t\t\t\t\t\t\t\t\t<p>Na Zenova, a l\u00e3 \u00e9 mais do que um material \u2014 \u00e9 o nosso compromisso com a qualidade natural, a sustentabilidade e o design intemporal. Cada tapete incorpora a excel\u00eancia duradoura da natureza, transformada atrav\u00e9s do artesanato numa declara\u00e7\u00e3o de beleza duradoura. <\/p>\t\t\t\t\t\t\t\t<\/div>\n\t\t\t\t\t<\/div>\n\t\t\t\t<\/div>\n\t\t\t\t<\/div>\n\t\t","protected":false},"excerpt":{"rendered":"<p>In\u00edcio A Beleza da L\u00e3 A Fibra Mais Fina da Natureza, Fabricada com Perfei\u00e7\u00e3o Na Zenova Carpet, temos uma paix\u00e3o duradoura pela l\u00e3 \u2014 uma fibra natural intemporal, celebrada pela sua beleza, conforto e desempenho incompar\u00e1veis. Um tapete rico em l\u00e3 \u00e9 a ess\u00eancia do luxo e da longevidade. Naturalmente renov\u00e1vel e maravilhosamente macia, a [&hellip;]<\/p>\n","protected":false},"author":1,"featured_media":4756,"parent":0,"menu_order":0,"comment_status":"closed","ping_status":"closed","template":"","meta":{"_acf_changed":false,"footnotes":""},"class_list":["post-4849","page","type-page","status-publish","has-post-thumbnail","hentry"],"acf":[],"_links":{"self":[{"href":"https:\/\/zenovacarpet.com.tr\/pt-pt\/wp-json\/wp\/v2\/pages\/4849","targetHints":{"allow":["GET"]}}],"collection":[{"href":"https:\/\/zenovacarpet.com.tr\/pt-pt\/wp-json\/wp\/v2\/pages"}],"about":[{"href":"https:\/\/zenovacarpet.com.tr\/pt-pt\/wp-json\/wp\/v2\/types\/page"}],"author":[{"embeddable":true,"href":"https:\/\/zenovacarpet.com.tr\/pt-pt\/wp-json\/wp\/v2\/users\/1"}],"replies":[{"embeddable":true,"href":"https:\/\/zenovacarpet.com.tr\/pt-pt\/wp-json\/wp\/v2\/comments?post=4849"}],"version-history":[{"count":1,"href":"https:\/\/zenovacarpet.com.tr\/pt-pt\/wp-json\/wp\/v2\/pages\/4849\/revisions"}],"predecessor-version":[{"id":4850,"href":"https:\/\/zenovacarpet.com.tr\/pt-pt\/wp-json\/wp\/v2\/pages\/4849\/revisions\/4850"}],"wp:featuredmedia":[{"embeddable":true,"href":"https:\/\/zenovacarpet.com.tr\/pt-pt\/wp-json\/wp\/v2\/media\/4756"}],"wp:attachment":[{"href":"https:\/\/zenovacarpet.com.tr\/pt-pt\/wp-json\/wp\/v2\/media?parent=4849"}],"curies":[{"name":"wp","href":"https:\/\/api.w.org\/{rel}","templated":true}]}}