{"id":5223,"date":"2025-11-12T14:25:35","date_gmt":"2025-11-12T14:25:35","guid":{"rendered":"https:\/\/zenovacarpet.com.tr\/por-que-nos-encanta-la-lana\/"},"modified":"2025-12-23T09:37:59","modified_gmt":"2025-12-23T09:37:59","slug":"por-que-nos-encanta-la-lana","status":"publish","type":"page","link":"https:\/\/zenovacarpet.com.tr\/es\/por-que-nos-encanta-la-lana\/","title":{"rendered":"\u00bfPor qu\u00e9 nos encanta la lana?"},"content":{"rendered":"\t\t<div data-elementor-type=\"wp-page\" data-elementor-id=\"5223\" class=\"elementor elementor-5223 elementor-3617\" data-elementor-post-type=\"page\">\n\t\t\t\t<div class=\"elementor-element elementor-element-c208471 e-con-full e-flex e-con e-parent\" data-id=\"c208471\" data-element_type=\"container\">\n\t\t<div class=\"elementor-element elementor-element-7ebe432 e-flex e-con-boxed e-con e-child\" data-id=\"7ebe432\" data-element_type=\"container\" data-settings=\"{&quot;background_background&quot;:&quot;classic&quot;}\">\n\t\t\t\t\t<div class=\"e-con-inner\">\n\t\t<div class=\"elementor-element elementor-element-a577903 e-flex e-con-boxed e-con e-child\" data-id=\"a577903\" data-element_type=\"container\">\n\t\t\t\t\t<div class=\"e-con-inner\">\n\t\t\t\t\t<\/div>\n\t\t\t\t<\/div>\n\t\t<div class=\"elementor-element elementor-element-022c6ab e-con-full e-flex e-con e-child\" data-id=\"022c6ab\" data-element_type=\"container\" data-settings=\"{&quot;background_background&quot;:&quot;classic&quot;,&quot;position&quot;:&quot;absolute&quot;}\">\n\t\t\t\t<div class=\"elementor-element elementor-element-36ddc62 elementor-widget__width-initial elementor-absolute elementor-widget-divider--view-line elementor-widget elementor-widget-divider\" data-id=\"36ddc62\" data-element_type=\"widget\" data-settings=\"{&quot;_position&quot;:&quot;absolute&quot;}\" data-widget_type=\"divider.default\">\n\t\t\t\t\t\t\t<div class=\"elementor-divider\">\n\t\t\t<span class=\"elementor-divider-separator\">\n\t\t\t\t\t\t<\/span>\n\t\t<\/div>\n\t\t\t\t\t\t<\/div>\n\t\t\t\t<div class=\"elementor-element elementor-element-d97a17d elementor-widget elementor-widget-ucaddon_breadcrumbs_widget\" data-id=\"d97a17d\" data-element_type=\"widget\" data-widget_type=\"ucaddon_breadcrumbs_widget.default\">\n\t\t\t\t<div class=\"elementor-widget-container\">\n\t\t\t\t\t\n<!-- start Breadcrumbs -->\n\t\t<link id='font-awesome-css' href='https:\/\/zenovacarpet.com.tr\/wp-content\/plugins\/unlimited-elements-for-elementor-premium\/assets_libraries\/font-awesome6\/fontawesome-all.min.css' type='text\/css' rel='stylesheet' >\n\t\t<link id='font-awesome-4-shim-css' href='https:\/\/zenovacarpet.com.tr\/wp-content\/plugins\/unlimited-elements-for-elementor-premium\/assets_libraries\/font-awesome6\/fontawesome-v4-shims.min.css' type='text\/css' rel='stylesheet' >\n\n<style>\/* widget: Breadcrumbs *\/\n\n#uc_breadcrumbs_widget_elementor_d97a17d .uc-breadcrumbs-list {\n  margin: 0;\n  padding: 0;\n  display: flex;\n  flex-wrap: wrap;\n}\n#uc_breadcrumbs_widget_elementor_d97a17d .uc-breadcrumbs-list li {\n  display: flex;\n  align-items: center;\n  list-style-type: none;\n}\n#uc_breadcrumbs_widget_elementor_d97a17d .uc-item-title {\n    position: relative;\n    display: inline-flex;\n    justify-content: center;\n    align-items: center;\n}\n#uc_breadcrumbs_widget_elementor_d97a17d .uc-item-title-inner{\n  display: flex;\n  align-items: center;\n}\n\n  #uc_breadcrumbs_widget_elementor_d97a17d .uc-breadcrumb-separator {\n    display:flex;\n    align-items: center;\n    justify-content: center\n  }\n  #uc_breadcrumbs_widget_elementor_d97a17d .uc-breadcrumb-separator svg {\n    width:1em;\n    height:1em;\n  }\n\n\n\n\n\n\n<\/style>\n\n\n    \t\n            <div id=\"uc_breadcrumbs_widget_elementor_d97a17d\" class=\"uc-breadcrumbs\">\n            <ul class=\"uc-breadcrumbs-list default\">\n                                                            <li class=\"uc-breadcrumb-item\">\n                            <a href=\"https:\/\/zenovacarpet.com.tr\/es\/\" class=\"uc-item-title\">\n                              <span class=\"uc-item-title-inner\">\n                                                                                                Inicio\n                              <\/span>\n                            <\/a>\n                                                    <\/li>              \t\t    \n                                                <\/ul>\n        <\/div>\n\n            \n<!-- end Breadcrumbs -->\t\t\t\t<\/div>\n\t\t\t\t<\/div>\n\t\t\t\t<div class=\"elementor-element elementor-element-92d1a4f elementor-widget__width-initial elementor-absolute elementor-widget-divider--view-line elementor-widget elementor-widget-divider\" data-id=\"92d1a4f\" data-element_type=\"widget\" data-settings=\"{&quot;_position&quot;:&quot;absolute&quot;}\" data-widget_type=\"divider.default\">\n\t\t\t\t\t\t\t<div class=\"elementor-divider\">\n\t\t\t<span class=\"elementor-divider-separator\">\n\t\t\t\t\t\t<\/span>\n\t\t<\/div>\n\t\t\t\t\t\t<\/div>\n\t\t\t\t<\/div>\n\t\t\t\t\t<\/div>\n\t\t\t\t<\/div>\n\t\t\t\t<\/div>\n\t\t<div class=\"elementor-element elementor-element-87ff7bf e-flex e-con-boxed e-con e-parent\" data-id=\"87ff7bf\" data-element_type=\"container\">\n\t\t\t\t\t<div class=\"e-con-inner\">\n\t\t\t\t<div class=\"elementor-element elementor-element-b41a6ee elementor-widget elementor-widget-spacer\" data-id=\"b41a6ee\" data-element_type=\"widget\" data-widget_type=\"spacer.default\">\n\t\t\t\t\t\t\t<div class=\"elementor-spacer\">\n\t\t\t<div class=\"elementor-spacer-inner\"><\/div>\n\t\t<\/div>\n\t\t\t\t\t\t<\/div>\n\t\t\t\t<div class=\"elementor-element elementor-element-3949d7c elementor-widget elementor-widget-heading\" data-id=\"3949d7c\" data-element_type=\"widget\" data-widget_type=\"heading.default\">\n\t\t\t\t\t<h4 class=\"elementor-heading-title elementor-size-default\">La belleza de la lana<\/h4>\t\t\t\t<\/div>\n\t\t\t\t\t<\/div>\n\t\t\t\t<\/div>\n\t\t<div class=\"elementor-element elementor-element-cd3ecb5 e-flex e-con-boxed e-con e-parent\" data-id=\"cd3ecb5\" data-element_type=\"container\">\n\t\t\t\t\t<div class=\"e-con-inner\">\n\t\t\t\t<div class=\"elementor-element elementor-element-2b6f9d6 elementor-widget elementor-widget-text-editor\" data-id=\"2b6f9d6\" data-element_type=\"widget\" data-widget_type=\"text-editor.default\">\n\t\t\t\t\t\t\t\t\t<p>La mejor fibra de la naturaleza, elaborada a la perfecci\u00f3n<\/p><p>En Zenova Carpet, sentimos una pasi\u00f3n duradera por la lana, una fibra natural atemporal c\u00e9lebre por su belleza, comodidad y rendimiento incomparables.<\/p><p>Una alfombra rica en lana es la esencia del lujo y la longevidad. Naturalmente renovable y maravillosamente suave, la lana ofrece una combinaci\u00f3n \u00fanica de elegancia, resistencia y sostenibilidad que perdura durante d\u00e9cadas. <\/p><p>Elaboramos cada alfombra Zenova utilizando \u00fanicamente la mejor lana brit\u00e1nica y neozelandesa, lo que garantiza un equilibrio impecable de refinamiento y durabilidad en cada pieza.<\/p>\t\t\t\t\t\t\t\t<\/div>\n\t\t\t\t<div class=\"elementor-element elementor-element-b5808d9 elementor-widget elementor-widget-heading\" data-id=\"b5808d9\" data-element_type=\"widget\" data-widget_type=\"heading.default\">\n\t\t\t\t\t<h4 class=\"elementor-heading-title elementor-size-default\">Las ventajas de la lana<\/h4>\t\t\t\t<\/div>\n\t\t\t\t<div class=\"elementor-element elementor-element-a0dadb4 elementor-widget elementor-widget-text-editor\" data-id=\"a0dadb4\" data-element_type=\"widget\" data-widget_type=\"text-editor.default\">\n\t\t\t\t\t\t\t\t\t<ul><li>Resistente a las arrugas: la lana vuelve a su forma natural despu\u00e9s de estirarse, manteniendo su aspecto impecable.<\/li><li>Resistente a la suciedad: su compleja estructura de fibra oculta la suciedad y repele las manchas con facilidad.<\/li><li>Retenci\u00f3n de la forma excepcional: la resistencia inherente de la lana mantiene las alfombras como nuevas a\u00f1o tras a\u00f1o.<\/li><li>Naturalmente ign\u00edfuga: las fibras de lana son inherentemente ign\u00edfugas y autoextinguibles para mayor seguridad.<\/li><li>Duradera y resistente: perfectamente adecuada para espacios de mucho tr\u00e1nsito sin comprometer la comodidad.<\/li><li>Repelente a la humedad: la lana repele el agua de forma natural, resistiendo la humedad y los olores.<\/li><li>Comodidad para todas las estaciones: el aislamiento natural de la lana mantiene los interiores c\u00e1lidos en invierno y frescos en verano.<\/li><li>Aislamiento superior: su estructura forma una barrera t\u00e9rmica y ac\u00fastica eficaz, lo que mejora la comodidad interior.<\/li><\/ul>\t\t\t\t\t\t\t\t<\/div>\n\t\t\t\t<div class=\"elementor-element elementor-element-d92bd9f elementor-widget elementor-widget-text-editor\" data-id=\"d92bd9f\" data-element_type=\"widget\" data-widget_type=\"text-editor.default\">\n\t\t\t\t\t\t\t\t\t<p>En Zenova, la lana es m\u00e1s que un material: es nuestro compromiso con la calidad natural, la sostenibilidad y el dise\u00f1o atemporal. Cada alfombra encarna la excelencia perdurable de la naturaleza, transformada a trav\u00e9s de la artesan\u00eda en una declaraci\u00f3n de belleza duradera. <\/p>\t\t\t\t\t\t\t\t<\/div>\n\t\t\t\t\t<\/div>\n\t\t\t\t<\/div>\n\t\t\t\t<\/div>\n\t\t","protected":false},"excerpt":{"rendered":"<p>Inicio La belleza de la lana La mejor fibra de la naturaleza, elaborada a la perfecci\u00f3n En Zenova Carpet, sentimos una pasi\u00f3n duradera por la lana, una fibra natural atemporal c\u00e9lebre por su belleza, comodidad y rendimiento incomparables. Una alfombra rica en lana es la esencia del lujo y la longevidad. Naturalmente renovable y maravillosamente [&hellip;]<\/p>\n","protected":false},"author":1,"featured_media":5130,"parent":0,"menu_order":0,"comment_status":"closed","ping_status":"closed","template":"","meta":{"_acf_changed":false,"footnotes":""},"class_list":["post-5223","page","type-page","status-publish","has-post-thumbnail","hentry"],"acf":[],"_links":{"self":[{"href":"https:\/\/zenovacarpet.com.tr\/es\/wp-json\/wp\/v2\/pages\/5223","targetHints":{"allow":["GET"]}}],"collection":[{"href":"https:\/\/zenovacarpet.com.tr\/es\/wp-json\/wp\/v2\/pages"}],"about":[{"href":"https:\/\/zenovacarpet.com.tr\/es\/wp-json\/wp\/v2\/types\/page"}],"author":[{"embeddable":true,"href":"https:\/\/zenovacarpet.com.tr\/es\/wp-json\/wp\/v2\/users\/1"}],"replies":[{"embeddable":true,"href":"https:\/\/zenovacarpet.com.tr\/es\/wp-json\/wp\/v2\/comments?post=5223"}],"version-history":[{"count":1,"href":"https:\/\/zenovacarpet.com.tr\/es\/wp-json\/wp\/v2\/pages\/5223\/revisions"}],"predecessor-version":[{"id":5224,"href":"https:\/\/zenovacarpet.com.tr\/es\/wp-json\/wp\/v2\/pages\/5223\/revisions\/5224"}],"wp:featuredmedia":[{"embeddable":true,"href":"https:\/\/zenovacarpet.com.tr\/es\/wp-json\/wp\/v2\/media\/5130"}],"wp:attachment":[{"href":"https:\/\/zenovacarpet.com.tr\/es\/wp-json\/wp\/v2\/media?parent=5223"}],"curies":[{"name":"wp","href":"https:\/\/api.w.org\/{rel}","templated":true}]}}