{"id":4262,"date":"2025-11-12T14:25:35","date_gmt":"2025-11-12T14:25:35","guid":{"rendered":"https:\/\/zenovacarpet.com.tr\/warum-wir-wolle-lieben\/"},"modified":"2025-12-23T07:30:29","modified_gmt":"2025-12-23T07:30:29","slug":"warum-wir-wolle-lieben","status":"publish","type":"page","link":"https:\/\/zenovacarpet.com.tr\/de\/warum-wir-wolle-lieben\/","title":{"rendered":"Warum wir Wolle lieben"},"content":{"rendered":"\t\t<div data-elementor-type=\"wp-page\" data-elementor-id=\"4262\" class=\"elementor elementor-4262 elementor-3617\" data-elementor-post-type=\"page\">\n\t\t\t\t<div class=\"elementor-element elementor-element-c208471 e-con-full e-flex e-con e-parent\" data-id=\"c208471\" data-element_type=\"container\">\n\t\t<div class=\"elementor-element elementor-element-7ebe432 e-flex e-con-boxed e-con e-child\" data-id=\"7ebe432\" data-element_type=\"container\" data-settings=\"{&quot;background_background&quot;:&quot;classic&quot;}\">\n\t\t\t\t\t<div class=\"e-con-inner\">\n\t\t<div class=\"elementor-element elementor-element-a577903 e-flex e-con-boxed e-con e-child\" data-id=\"a577903\" data-element_type=\"container\">\n\t\t\t\t\t<div class=\"e-con-inner\">\n\t\t\t\t\t<\/div>\n\t\t\t\t<\/div>\n\t\t<div class=\"elementor-element elementor-element-022c6ab e-con-full e-flex e-con e-child\" data-id=\"022c6ab\" data-element_type=\"container\" data-settings=\"{&quot;background_background&quot;:&quot;classic&quot;,&quot;position&quot;:&quot;absolute&quot;}\">\n\t\t\t\t<div class=\"elementor-element elementor-element-36ddc62 elementor-widget__width-initial elementor-absolute elementor-widget-divider--view-line elementor-widget elementor-widget-divider\" data-id=\"36ddc62\" data-element_type=\"widget\" data-settings=\"{&quot;_position&quot;:&quot;absolute&quot;}\" data-widget_type=\"divider.default\">\n\t\t\t\t\t\t\t<div class=\"elementor-divider\">\n\t\t\t<span class=\"elementor-divider-separator\">\n\t\t\t\t\t\t<\/span>\n\t\t<\/div>\n\t\t\t\t\t\t<\/div>\n\t\t\t\t<div class=\"elementor-element elementor-element-d97a17d elementor-widget elementor-widget-ucaddon_breadcrumbs_widget\" data-id=\"d97a17d\" data-element_type=\"widget\" data-widget_type=\"ucaddon_breadcrumbs_widget.default\">\n\t\t\t\t<div class=\"elementor-widget-container\">\n\t\t\t\t\t\n<!-- start Breadcrumbs -->\n\t\t<link id='font-awesome-css' href='https:\/\/zenovacarpet.com.tr\/wp-content\/plugins\/unlimited-elements-for-elementor-premium\/assets_libraries\/font-awesome6\/fontawesome-all.min.css' type='text\/css' rel='stylesheet' >\n\t\t<link id='font-awesome-4-shim-css' href='https:\/\/zenovacarpet.com.tr\/wp-content\/plugins\/unlimited-elements-for-elementor-premium\/assets_libraries\/font-awesome6\/fontawesome-v4-shims.min.css' type='text\/css' rel='stylesheet' >\n\n<style>\/* widget: Breadcrumbs *\/\n\n#uc_breadcrumbs_widget_elementor_d97a17d .uc-breadcrumbs-list {\n  margin: 0;\n  padding: 0;\n  display: flex;\n  flex-wrap: wrap;\n}\n#uc_breadcrumbs_widget_elementor_d97a17d .uc-breadcrumbs-list li {\n  display: flex;\n  align-items: center;\n  list-style-type: none;\n}\n#uc_breadcrumbs_widget_elementor_d97a17d .uc-item-title {\n    position: relative;\n    display: inline-flex;\n    justify-content: center;\n    align-items: center;\n}\n#uc_breadcrumbs_widget_elementor_d97a17d .uc-item-title-inner{\n  display: flex;\n  align-items: center;\n}\n\n  #uc_breadcrumbs_widget_elementor_d97a17d .uc-breadcrumb-separator {\n    display:flex;\n    align-items: center;\n    justify-content: center\n  }\n  #uc_breadcrumbs_widget_elementor_d97a17d .uc-breadcrumb-separator svg {\n    width:1em;\n    height:1em;\n  }\n\n\n\n\n\n\n<\/style>\n\n\n    \t\n            <div id=\"uc_breadcrumbs_widget_elementor_d97a17d\" class=\"uc-breadcrumbs\">\n            <ul class=\"uc-breadcrumbs-list default\">\n                                                            <li class=\"uc-breadcrumb-item\">\n                            <a href=\"https:\/\/zenovacarpet.com.tr\/de\/\" class=\"uc-item-title\">\n                              <span class=\"uc-item-title-inner\">\n                                                                                                Startseite\n                              <\/span>\n                            <\/a>\n                                                    <\/li>              \t\t    \n                                                <\/ul>\n        <\/div>\n\n            \n<!-- end Breadcrumbs -->\t\t\t\t<\/div>\n\t\t\t\t<\/div>\n\t\t\t\t<div class=\"elementor-element elementor-element-92d1a4f elementor-widget__width-initial elementor-absolute elementor-widget-divider--view-line elementor-widget elementor-widget-divider\" data-id=\"92d1a4f\" data-element_type=\"widget\" data-settings=\"{&quot;_position&quot;:&quot;absolute&quot;}\" data-widget_type=\"divider.default\">\n\t\t\t\t\t\t\t<div class=\"elementor-divider\">\n\t\t\t<span class=\"elementor-divider-separator\">\n\t\t\t\t\t\t<\/span>\n\t\t<\/div>\n\t\t\t\t\t\t<\/div>\n\t\t\t\t<\/div>\n\t\t\t\t\t<\/div>\n\t\t\t\t<\/div>\n\t\t\t\t<\/div>\n\t\t<div class=\"elementor-element elementor-element-87ff7bf e-flex e-con-boxed e-con e-parent\" data-id=\"87ff7bf\" data-element_type=\"container\">\n\t\t\t\t\t<div class=\"e-con-inner\">\n\t\t\t\t<div class=\"elementor-element elementor-element-b41a6ee elementor-widget elementor-widget-spacer\" data-id=\"b41a6ee\" data-element_type=\"widget\" data-widget_type=\"spacer.default\">\n\t\t\t\t\t\t\t<div class=\"elementor-spacer\">\n\t\t\t<div class=\"elementor-spacer-inner\"><\/div>\n\t\t<\/div>\n\t\t\t\t\t\t<\/div>\n\t\t\t\t<div class=\"elementor-element elementor-element-3949d7c elementor-widget elementor-widget-heading\" data-id=\"3949d7c\" data-element_type=\"widget\" data-widget_type=\"heading.default\">\n\t\t\t\t\t<h4 class=\"elementor-heading-title elementor-size-default\">Die Sch\u00f6nheit der Wolle<\/h4>\t\t\t\t<\/div>\n\t\t\t\t\t<\/div>\n\t\t\t\t<\/div>\n\t\t<div class=\"elementor-element elementor-element-cd3ecb5 e-flex e-con-boxed e-con e-parent\" data-id=\"cd3ecb5\" data-element_type=\"container\">\n\t\t\t\t\t<div class=\"e-con-inner\">\n\t\t\t\t<div class=\"elementor-element elementor-element-2b6f9d6 elementor-widget elementor-widget-text-editor\" data-id=\"2b6f9d6\" data-element_type=\"widget\" data-widget_type=\"text-editor.default\">\n\t\t\t\t\t\t\t\t\t<p>Die edelste Faser der Natur, perfekt verarbeitet<\/p><p>Bei Zenova Carpet teilen wir eine unerm\u00fcdliche Leidenschaft f\u00fcr Wolle \u2013 eine zeitlose Naturfaser, die f\u00fcr ihre un\u00fcbertroffene Sch\u00f6nheit, ihren Komfort und ihre Leistung gesch\u00e4tzt wird.<\/p><p>Ein Teppich mit hohem Wollanteil ist die Essenz von Luxus und Langlebigkeit. Wolle ist von Natur aus erneuerbar und wunderbar weich und bietet eine einzigartige Mischung aus Eleganz, Widerstandsf\u00e4higkeit und Nachhaltigkeit, die \u00fcber Jahrzehnte anh\u00e4lt.<\/p><p>Wir fertigen jeden Zenova-Teppich ausschlie\u00dflich aus feinster britischer und neuseel\u00e4ndischer Wolle, um einwandfreie Ausgewogenheit von Raffinesse und Strapazierf\u00e4higkeit in jedem St\u00fcck zu gew\u00e4hrleisten.<\/p>\t\t\t\t\t\t\t\t<\/div>\n\t\t\t\t<div class=\"elementor-element elementor-element-b5808d9 elementor-widget elementor-widget-heading\" data-id=\"b5808d9\" data-element_type=\"widget\" data-widget_type=\"heading.default\">\n\t\t\t\t\t<h4 class=\"elementor-heading-title elementor-size-default\">Die Vorteile von Wolle<\/h4>\t\t\t\t<\/div>\n\t\t\t\t<div class=\"elementor-element elementor-element-a0dadb4 elementor-widget elementor-widget-text-editor\" data-id=\"a0dadb4\" data-element_type=\"widget\" data-widget_type=\"text-editor.default\">\n\t\t\t\t\t\t\t\t\t<ul><li>Knitterarm \u2013 Wolle springt nach dem Dehnen auf nat\u00fcrliche Weise zur\u00fcck und beh\u00e4lt ihr makelloses Aussehen.<\/li><li>Schmutzabweisend \u2013 Seine komplexe Faserstruktur verbirgt Schmutz und weist Flecken m\u00fchelos ab.<\/li><li>Au\u00dfergew\u00f6hnliche Formbest\u00e4ndigkeit \u2013 Die nat\u00fcrliche Elastizit\u00e4t der Wolle sorgt daf\u00fcr, dass Teppiche Jahr f\u00fcr Jahr wie neu aussehen.<\/li><li>Von Natur aus feuerbest\u00e4ndig \u2013 Wollfasern sind von Natur aus schwer entflammbar und selbstverl\u00f6schend, was f\u00fcr zus\u00e4tzliche Sicherheit sorgt.<\/li><li>Strapazierf\u00e4hig und stark \u2013 Perfekt geeignet f\u00fcr stark frequentierte Bereiche, ohne den Komfort zu beeintr\u00e4chtigen.<\/li><li>Feuchtigkeitsabweisend \u2013 Wolle weist auf nat\u00fcrliche Weise Wasser ab und widersteht Feuchtigkeit und Ger\u00fcchen.<\/li><li>Ganzj\u00e4hriger Komfort \u2013 Die nat\u00fcrliche Isolierung der Wolle h\u00e4lt Innenr\u00e4ume im Winter warm und im Sommer k\u00fchl.<\/li><li>\u00dcberlegene Isolierung \u2013 Seine Struktur bildet eine wirksame W\u00e4rme- und Schallbarriere und verbessert den Innenraumkomfort.<\/li><\/ul>\t\t\t\t\t\t\t\t<\/div>\n\t\t\t\t<div class=\"elementor-element elementor-element-d92bd9f elementor-widget elementor-widget-text-editor\" data-id=\"d92bd9f\" data-element_type=\"widget\" data-widget_type=\"text-editor.default\">\n\t\t\t\t\t\t\t\t\t<p>Bei Zenova ist Wolle mehr als ein Material \u2013 sie ist unser Bekenntnis zu nat\u00fcrlicher Qualit\u00e4t, Nachhaltigkeit und zeitlosem Design. Jeder Teppich verk\u00f6rpert die dauerhafte Exzellenz der Natur, die durch Handwerkskunst in ein Statement von dauerhafter Sch\u00f6nheit verwandelt wird.<\/p>\t\t\t\t\t\t\t\t<\/div>\n\t\t\t\t\t<\/div>\n\t\t\t\t<\/div>\n\t\t\t\t<\/div>\n\t\t","protected":false},"excerpt":{"rendered":"<p>Startseite Die Sch\u00f6nheit der Wolle Die edelste Faser der Natur, perfekt verarbeitet Bei Zenova Carpet teilen wir eine unerm\u00fcdliche Leidenschaft f\u00fcr Wolle \u2013 eine zeitlose Naturfaser, die f\u00fcr ihre un\u00fcbertroffene Sch\u00f6nheit, ihren Komfort und ihre Leistung gesch\u00e4tzt wird. Ein Teppich mit hohem Wollanteil ist die Essenz von Luxus und Langlebigkeit. Wolle ist von Natur aus [&hellip;]<\/p>\n","protected":false},"author":1,"featured_media":4169,"parent":0,"menu_order":0,"comment_status":"closed","ping_status":"closed","template":"","meta":{"_acf_changed":false,"footnotes":""},"class_list":["post-4262","page","type-page","status-publish","has-post-thumbnail","hentry"],"acf":[],"_links":{"self":[{"href":"https:\/\/zenovacarpet.com.tr\/de\/wp-json\/wp\/v2\/pages\/4262","targetHints":{"allow":["GET"]}}],"collection":[{"href":"https:\/\/zenovacarpet.com.tr\/de\/wp-json\/wp\/v2\/pages"}],"about":[{"href":"https:\/\/zenovacarpet.com.tr\/de\/wp-json\/wp\/v2\/types\/page"}],"author":[{"embeddable":true,"href":"https:\/\/zenovacarpet.com.tr\/de\/wp-json\/wp\/v2\/users\/1"}],"replies":[{"embeddable":true,"href":"https:\/\/zenovacarpet.com.tr\/de\/wp-json\/wp\/v2\/comments?post=4262"}],"version-history":[{"count":1,"href":"https:\/\/zenovacarpet.com.tr\/de\/wp-json\/wp\/v2\/pages\/4262\/revisions"}],"predecessor-version":[{"id":4263,"href":"https:\/\/zenovacarpet.com.tr\/de\/wp-json\/wp\/v2\/pages\/4262\/revisions\/4263"}],"wp:featuredmedia":[{"embeddable":true,"href":"https:\/\/zenovacarpet.com.tr\/de\/wp-json\/wp\/v2\/media\/4169"}],"wp:attachment":[{"href":"https:\/\/zenovacarpet.com.tr\/de\/wp-json\/wp\/v2\/media?parent=4262"}],"curies":[{"name":"wp","href":"https:\/\/api.w.org\/{rel}","templated":true}]}}